{"id":11,"date":"2019-02-06T17:42:30","date_gmt":"2019-02-06T17:42:30","guid":{"rendered":"https:\/\/akl.mecki.net\/?page_id=11"},"modified":"2019-02-06T19:33:49","modified_gmt":"2019-02-06T19:33:49","slug":"leistungen","status":"publish","type":"page","link":"https:\/\/akl.mecki.net\/?page_id=11","title":{"rendered":"LEISTUNGEN"},"content":{"rendered":"\n<h3>Wir Bieten<\/h3>\n<ul style=\"list-style-type: circle;\">\n<li>\n<h4><span lang=\"de\">KFZ-Werkstatt<\/span><\/h4>\n<\/li>\n<li>\n<h4><span lang=\"de\">Lackierung<\/span><\/h4>\n<\/li>\n<li>\n<h4><span lang=\"de\">Karosserieinstandsetzung<\/span><\/h4>\n<\/li>\n<li>\n<h4><span lang=\"de\">Unfallinstandsetzung<\/span><\/h4>\n<\/li>\n<li>\n<h4><span lang=\"de\">\u00d6lwechsel<\/span><\/h4>\n<\/li>\n<li>\n<h4><span lang=\"de\">Achsvermessung<\/span><\/h4>\n<\/li>\n<li>\n<h4><span lang=\"de\">Inspektion<\/span><\/h4>\n<\/li>\n<li>\n<h4><span lang=\"de\">T\u00dcV \/ AU Untersuchungen<\/span><\/h4>\n<\/li>\n<li>\n<h4>Individuelle Beratung und Betreuung<\/h4>\n<\/li>\n<li>\n<h4>H\u00f6chste Qualit\u00e4t und Pr\u00e4zisionsarbeit<\/h4>\n<\/li>\n<li>\n<h4>Schnelle Terminvereinbarung und Termintreue<\/h4>\n<\/li>\n<li>\n<h4>Kosteng\u00fcnstige Reparatur verfahren<\/h4>\n<\/li>\n<li>\n<h4>Umfassende Unterst\u00fctzung bei der Schadensabwicklung<\/h4>\n<\/li>\n<\/ul>\n","protected":false},"excerpt":{"rendered":"<p>Wir Bieten KFZ-Werkstatt Lackierung Karosserieinstandsetzung Unfallinstandsetzung \u00d6lwechsel Achsvermessung Inspektion T\u00dcV \/ AU Untersuchungen Individuelle Beratung und Betreuung H\u00f6chste Qualit\u00e4t und Pr\u00e4zisionsarbeit Schnelle Terminvereinbarung und Termintreue Kosteng\u00fcnstige Reparatur verfahren Umfassende Unterst\u00fctzung bei der Schadensabwicklung<\/p>\n","protected":false},"author":3,"featured_media":0,"parent":0,"menu_order":0,"comment_status":"closed","ping_status":"closed","template":"","meta":{"footnotes":""},"class_list":["post-11","page","type-page","status-publish","hentry"],"yoast_head":"<!-- This site is optimized with the Yoast SEO plugin v27.5 - https:\/\/yoast.com\/product\/yoast-seo-wordpress\/ -->\n<title>LEISTUNGEN - Auto - Karosserie - Lackierung<\/title>\n<meta name=\"robots\" content=\"index, follow, max-snippet:-1, max-image-preview:large, max-video-preview:-1\" \/>\n<link rel=\"canonical\" href=\"https:\/\/akl.mecki.net\/?page_id=11\" \/>\n<meta property=\"og:locale\" content=\"de_DE\" \/>\n<meta property=\"og:type\" content=\"article\" \/>\n<meta property=\"og:title\" content=\"LEISTUNGEN - Auto - Karosserie - Lackierung\" \/>\n<meta property=\"og:description\" content=\"Wir Bieten KFZ-Werkstatt Lackierung Karosserieinstandsetzung Unfallinstandsetzung \u00d6lwechsel Achsvermessung Inspektion T\u00dcV \/ AU Untersuchungen Individuelle Beratung und Betreuung H\u00f6chste Qualit\u00e4t und Pr\u00e4zisionsarbeit Schnelle Terminvereinbarung und Termintreue Kosteng\u00fcnstige Reparatur verfahren Umfassende Unterst\u00fctzung bei der Schadensabwicklung\" \/>\n<meta property=\"og:url\" content=\"https:\/\/akl.mecki.net\/?page_id=11\" \/>\n<meta property=\"og:site_name\" content=\"Auto - Karosserie - Lackierung\" \/>\n<meta property=\"article:modified_time\" content=\"2019-02-06T19:33:49+00:00\" \/>\n<meta name=\"twitter:card\" content=\"summary_large_image\" \/>\n<script type=\"application\/ld+json\" class=\"yoast-schema-graph\">{\"@context\":\"https:\\\/\\\/schema.org\",\"@graph\":[{\"@type\":\"WebPage\",\"@id\":\"https:\\\/\\\/akl.mecki.net\\\/?page_id=11\",\"url\":\"https:\\\/\\\/akl.mecki.net\\\/?page_id=11\",\"name\":\"LEISTUNGEN - Auto - Karosserie - Lackierung\",\"isPartOf\":{\"@id\":\"https:\\\/\\\/akl.mecki.net\\\/#website\"},\"datePublished\":\"2019-02-06T17:42:30+00:00\",\"dateModified\":\"2019-02-06T19:33:49+00:00\",\"breadcrumb\":{\"@id\":\"https:\\\/\\\/akl.mecki.net\\\/?page_id=11#breadcrumb\"},\"inLanguage\":\"de\",\"potentialAction\":[{\"@type\":\"ReadAction\",\"target\":[\"https:\\\/\\\/akl.mecki.net\\\/?page_id=11\"]}]},{\"@type\":\"BreadcrumbList\",\"@id\":\"https:\\\/\\\/akl.mecki.net\\\/?page_id=11#breadcrumb\",\"itemListElement\":[{\"@type\":\"ListItem\",\"position\":1,\"name\":\"Startseite\",\"item\":\"https:\\\/\\\/akl.mecki.net\\\/\"},{\"@type\":\"ListItem\",\"position\":2,\"name\":\"LEISTUNGEN\"}]},{\"@type\":\"WebSite\",\"@id\":\"https:\\\/\\\/akl.mecki.net\\\/#website\",\"url\":\"https:\\\/\\\/akl.mecki.net\\\/\",\"name\":\"Auto - Karosserie - Lackierung\",\"description\":\"Am Spring 18 - 03246 Crinitz - Tel. 035324 671\",\"potentialAction\":[{\"@type\":\"SearchAction\",\"target\":{\"@type\":\"EntryPoint\",\"urlTemplate\":\"https:\\\/\\\/akl.mecki.net\\\/?s={search_term_string}\"},\"query-input\":{\"@type\":\"PropertyValueSpecification\",\"valueRequired\":true,\"valueName\":\"search_term_string\"}}],\"inLanguage\":\"de\"}]}<\/script>\n<!-- \/ Yoast SEO plugin. -->","yoast_head_json":{"title":"LEISTUNGEN - Auto - Karosserie - Lackierung","robots":{"index":"index","follow":"follow","max-snippet":"max-snippet:-1","max-image-preview":"max-image-preview:large","max-video-preview":"max-video-preview:-1"},"canonical":"https:\/\/akl.mecki.net\/?page_id=11","og_locale":"de_DE","og_type":"article","og_title":"LEISTUNGEN - Auto - Karosserie - Lackierung","og_description":"Wir Bieten KFZ-Werkstatt Lackierung Karosserieinstandsetzung Unfallinstandsetzung \u00d6lwechsel Achsvermessung Inspektion T\u00dcV \/ AU Untersuchungen Individuelle Beratung und Betreuung H\u00f6chste Qualit\u00e4t und Pr\u00e4zisionsarbeit Schnelle Terminvereinbarung und Termintreue Kosteng\u00fcnstige Reparatur verfahren Umfassende Unterst\u00fctzung bei der Schadensabwicklung","og_url":"https:\/\/akl.mecki.net\/?page_id=11","og_site_name":"Auto - Karosserie - Lackierung","article_modified_time":"2019-02-06T19:33:49+00:00","twitter_card":"summary_large_image","schema":{"@context":"https:\/\/schema.org","@graph":[{"@type":"WebPage","@id":"https:\/\/akl.mecki.net\/?page_id=11","url":"https:\/\/akl.mecki.net\/?page_id=11","name":"LEISTUNGEN - Auto - Karosserie - Lackierung","isPartOf":{"@id":"https:\/\/akl.mecki.net\/#website"},"datePublished":"2019-02-06T17:42:30+00:00","dateModified":"2019-02-06T19:33:49+00:00","breadcrumb":{"@id":"https:\/\/akl.mecki.net\/?page_id=11#breadcrumb"},"inLanguage":"de","potentialAction":[{"@type":"ReadAction","target":["https:\/\/akl.mecki.net\/?page_id=11"]}]},{"@type":"BreadcrumbList","@id":"https:\/\/akl.mecki.net\/?page_id=11#breadcrumb","itemListElement":[{"@type":"ListItem","position":1,"name":"Startseite","item":"https:\/\/akl.mecki.net\/"},{"@type":"ListItem","position":2,"name":"LEISTUNGEN"}]},{"@type":"WebSite","@id":"https:\/\/akl.mecki.net\/#website","url":"https:\/\/akl.mecki.net\/","name":"Auto - Karosserie - Lackierung","description":"Am Spring 18 - 03246 Crinitz - Tel. 035324 671","potentialAction":[{"@type":"SearchAction","target":{"@type":"EntryPoint","urlTemplate":"https:\/\/akl.mecki.net\/?s={search_term_string}"},"query-input":{"@type":"PropertyValueSpecification","valueRequired":true,"valueName":"search_term_string"}}],"inLanguage":"de"}]}},"_links":{"self":[{"href":"https:\/\/akl.mecki.net\/index.php?rest_route=\/wp\/v2\/pages\/11","targetHints":{"allow":["GET"]}}],"collection":[{"href":"https:\/\/akl.mecki.net\/index.php?rest_route=\/wp\/v2\/pages"}],"about":[{"href":"https:\/\/akl.mecki.net\/index.php?rest_route=\/wp\/v2\/types\/page"}],"author":[{"embeddable":true,"href":"https:\/\/akl.mecki.net\/index.php?rest_route=\/wp\/v2\/users\/3"}],"replies":[{"embeddable":true,"href":"https:\/\/akl.mecki.net\/index.php?rest_route=%2Fwp%2Fv2%2Fcomments&post=11"}],"version-history":[{"count":5,"href":"https:\/\/akl.mecki.net\/index.php?rest_route=\/wp\/v2\/pages\/11\/revisions"}],"predecessor-version":[{"id":132,"href":"https:\/\/akl.mecki.net\/index.php?rest_route=\/wp\/v2\/pages\/11\/revisions\/132"}],"wp:attachment":[{"href":"https:\/\/akl.mecki.net\/index.php?rest_route=%2Fwp%2Fv2%2Fmedia&parent=11"}],"curies":[{"name":"wp","href":"https:\/\/api.w.org\/{rel}","templated":true}]}}